{"id":630,"date":"2023-11-06T10:01:13","date_gmt":"2023-11-06T09:01:13","guid":{"rendered":"https:\/\/challengehandicaptechnologie.fr\/?page_id=630"},"modified":"2024-01-03T16:09:07","modified_gmt":"2024-01-03T15:09:07","slug":"editions-precedentes","status":"publish","type":"page","link":"https:\/\/challengehandicaptechnologie.fr\/index.php\/editions-precedentes\/","title":{"rendered":"\u00c9ditions pr\u00e9c\u00e9dentes"},"content":{"rendered":"\t\t<div data-elementor-type=\"wp-page\" data-elementor-id=\"630\" class=\"elementor elementor-630\" data-elementor-post-type=\"page\">\n\t\t\t\t\t\t<section class=\"elementor-section elementor-top-section elementor-element elementor-element-13d4c6f elementor-section-stretched elementor-section-full_width elementor-section-height-min-height elementor-section-items-stretch hero_section elementor-section-height-default\" data-id=\"13d4c6f\" data-element_type=\"section\" data-settings=\"{&quot;stretch_section&quot;:&quot;section-stretched&quot;,&quot;background_background&quot;:&quot;classic&quot;}\">\n\t\t\t\t\t\t<div class=\"elementor-container elementor-column-gap-no\">\n\t\t\t\t\t<div class=\"elementor-column elementor-col-50 elementor-top-column elementor-element elementor-element-007615d elementor-invisible\" data-id=\"007615d\" data-element_type=\"column\" data-settings=\"{&quot;background_background&quot;:&quot;classic&quot;,&quot;animation&quot;:&quot;fadeInLeft&quot;}\">\n\t\t\t<div class=\"elementor-widget-wrap elementor-element-populated\">\n\t\t\t\t\t\t<div class=\"elementor-element elementor-element-7006d90 elementor-widget elementor-widget-heading\" data-id=\"7006d90\" data-element_type=\"widget\" data-widget_type=\"heading.default\">\n\t\t\t\t<div class=\"elementor-widget-container\">\n\t\t\t\t\t<h2 class=\"elementor-heading-title elementor-size-default\">\u00c9DITIONS PR\u00c9C\u00c9DENTES<\/h2>\t\t\t\t<\/div>\n\t\t\t\t<\/div>\n\t\t\t\t\t<\/div>\n\t\t<\/div>\n\t\t\t\t<div class=\"elementor-column elementor-col-50 elementor-top-column elementor-element elementor-element-43c524d elementor-hidden-phone\" data-id=\"43c524d\" data-element_type=\"column\">\n\t\t\t<div class=\"elementor-widget-wrap\">\n\t\t\t\t\t\t\t<\/div>\n\t\t<\/div>\n\t\t\t\t\t<\/div>\n\t\t<\/section>\n\t\t<div class=\"elementor-element elementor-element-7771304 e-flex e-con-boxed e-con e-parent\" data-id=\"7771304\" data-element_type=\"container\">\n\t\t\t\t\t<div class=\"e-con-inner\">\n\t\t<div class=\"elementor-element elementor-element-4d43d85 e-con-full e-flex e-con e-child\" data-id=\"4d43d85\" data-element_type=\"container\">\n\t\t\t\t<div class=\"elementor-element elementor-element-3e6d74e elementor-widget elementor-widget-image\" data-id=\"3e6d74e\" data-element_type=\"widget\" data-widget_type=\"image.default\">\n\t\t\t\t<div class=\"elementor-widget-container\">\n\t\t\t\t\t\t\t\t\t\t\t\t\t\t\t\t<a href=\"https:\/\/challengehandicaptechnologie.fr\/wp-admin\/post.php?post=417&#038;action=edit\" target=\"_blank\">\n\t\t\t\t\t\t\t<img fetchpriority=\"high\" decoding=\"async\" width=\"559\" height=\"791\" src=\"https:\/\/challengehandicaptechnologie.fr\/wp-content\/uploads\/2023\/11\/affiche-challenge.png\" class=\"attachment-large size-large wp-image-656\" alt=\"\" srcset=\"https:\/\/challengehandicaptechnologie.fr\/wp-content\/uploads\/2023\/11\/affiche-challenge.png 559w, https:\/\/challengehandicaptechnologie.fr\/wp-content\/uploads\/2023\/11\/affiche-challenge-212x300.png 212w\" sizes=\"(max-width: 559px) 100vw, 559px\" \/>\t\t\t\t\t\t\t\t<\/a>\n\t\t\t\t\t\t\t\t\t\t\t\t\t\t\t<\/div>\n\t\t\t\t<\/div>\n\t\t\t\t<\/div>\n\t\t<div class=\"elementor-element elementor-element-0ffa36c e-con-full e-flex e-con e-child\" data-id=\"0ffa36c\" data-element_type=\"container\">\n\t\t\t\t<\/div>\n\t\t<div class=\"elementor-element elementor-element-770910c e-con-full e-flex e-con e-child\" data-id=\"770910c\" data-element_type=\"container\">\n\t\t\t\t<\/div>\n\t\t<div class=\"elementor-element elementor-element-06fc6ce e-con-full e-flex e-con e-child\" data-id=\"06fc6ce\" data-element_type=\"container\">\n\t\t\t\t<\/div>\n\t\t<div class=\"elementor-element elementor-element-b0540c2 e-con-full e-flex e-con e-child\" data-id=\"b0540c2\" data-element_type=\"container\">\n\t\t\t\t<\/div>\n\t\t<div class=\"elementor-element elementor-element-ac5517c e-con-full e-flex e-con e-child\" data-id=\"ac5517c\" data-element_type=\"container\">\n\t\t\t\t<\/div>\n\t\t\t\t\t<\/div>\n\t\t\t\t<\/div>\n\t\t\t\t<\/div>\n\t\t","protected":false},"excerpt":{"rendered":"<p>\u00c9DITIONS PR\u00c9C\u00c9DENTES<\/p>\n","protected":false},"author":1,"featured_media":0,"parent":0,"menu_order":0,"comment_status":"closed","ping_status":"closed","template":"","meta":{"_eb_attr":"","ocean_post_layout":"","ocean_both_sidebars_style":"","ocean_both_sidebars_content_width":0,"ocean_both_sidebars_sidebars_width":0,"ocean_sidebar":"","ocean_second_sidebar":"","ocean_disable_margins":"enable","ocean_add_body_class":"","ocean_shortcode_before_top_bar":"","ocean_shortcode_after_top_bar":"","ocean_shortcode_before_header":"","ocean_shortcode_after_header":"","ocean_has_shortcode":"","ocean_shortcode_after_title":"","ocean_shortcode_before_footer_widgets":"","ocean_shortcode_after_footer_widgets":"","ocean_shortcode_before_footer_bottom":"","ocean_shortcode_after_footer_bottom":"","ocean_display_top_bar":"default","ocean_display_header":"default","ocean_header_style":"","ocean_center_header_left_menu":"","ocean_custom_header_template":"","ocean_custom_logo":0,"ocean_custom_retina_logo":0,"ocean_custom_logo_max_width":0,"ocean_custom_logo_tablet_max_width":0,"ocean_custom_logo_mobile_max_width":0,"ocean_custom_logo_max_height":0,"ocean_custom_logo_tablet_max_height":0,"ocean_custom_logo_mobile_max_height":0,"ocean_header_custom_menu":"","ocean_menu_typo_font_family":"","ocean_menu_typo_font_subset":"","ocean_menu_typo_font_size":0,"ocean_menu_typo_font_size_tablet":0,"ocean_menu_typo_font_size_mobile":0,"ocean_menu_typo_font_size_unit":"px","ocean_menu_typo_font_weight":"","ocean_menu_typo_font_weight_tablet":"","ocean_menu_typo_font_weight_mobile":"","ocean_menu_typo_transform":"","ocean_menu_typo_transform_tablet":"","ocean_menu_typo_transform_mobile":"","ocean_menu_typo_line_height":0,"ocean_menu_typo_line_height_tablet":0,"ocean_menu_typo_line_height_mobile":0,"ocean_menu_typo_line_height_unit":"","ocean_menu_typo_spacing":0,"ocean_menu_typo_spacing_tablet":0,"ocean_menu_typo_spacing_mobile":0,"ocean_menu_typo_spacing_unit":"","ocean_menu_link_color":"","ocean_menu_link_color_hover":"","ocean_menu_link_color_active":"","ocean_menu_link_background":"","ocean_menu_link_hover_background":"","ocean_menu_link_active_background":"","ocean_menu_social_links_bg":"","ocean_menu_social_hover_links_bg":"","ocean_menu_social_links_color":"","ocean_menu_social_hover_links_color":"","ocean_disable_title":"default","ocean_disable_heading":"default","ocean_post_title":"","ocean_post_subheading":"","ocean_post_title_style":"","ocean_post_title_background_color":"","ocean_post_title_background":0,"ocean_post_title_bg_image_position":"","ocean_post_title_bg_image_attachment":"","ocean_post_title_bg_image_repeat":"","ocean_post_title_bg_image_size":"","ocean_post_title_height":0,"ocean_post_title_bg_overlay":0.5,"ocean_post_title_bg_overlay_color":"","ocean_disable_breadcrumbs":"default","ocean_breadcrumbs_color":"","ocean_breadcrumbs_separator_color":"","ocean_breadcrumbs_links_color":"","ocean_breadcrumbs_links_hover_color":"","ocean_display_footer_widgets":"default","ocean_display_footer_bottom":"default","ocean_custom_footer_template":"","footnotes":""},"class_list":["post-630","page","type-page","status-publish","hentry","entry"],"yoast_head":"<!-- This site is optimized with the Yoast SEO plugin v24.6 - https:\/\/yoast.com\/wordpress\/plugins\/seo\/ -->\n<title>\u00c9ditions pr\u00e9c\u00e9dentes - Challenge Handicap &amp; Technologie<\/title>\n<meta name=\"robots\" content=\"index, follow, max-snippet:-1, max-image-preview:large, max-video-preview:-1\" \/>\n<link rel=\"canonical\" href=\"https:\/\/challengehandicaptechnologie.fr\/index.php\/editions-precedentes\/\" \/>\n<meta property=\"og:locale\" content=\"fr_FR\" \/>\n<meta property=\"og:type\" content=\"article\" \/>\n<meta property=\"og:title\" content=\"\u00c9ditions pr\u00e9c\u00e9dentes - Challenge Handicap &amp; Technologie\" \/>\n<meta property=\"og:description\" content=\"\u00c9DITIONS PR\u00c9C\u00c9DENTES\" \/>\n<meta property=\"og:url\" content=\"https:\/\/challengehandicaptechnologie.fr\/index.php\/editions-precedentes\/\" \/>\n<meta property=\"og:site_name\" content=\"Challenge Handicap &amp; Technologie\" \/>\n<meta property=\"article:modified_time\" content=\"2024-01-03T15:09:07+00:00\" \/>\n<meta property=\"og:image\" content=\"http:\/\/challengehandicaptechnologie.fr\/wp-content\/uploads\/2023\/11\/affiche-challenge.png\" \/>\n<meta name=\"twitter:card\" content=\"summary_large_image\" \/>\n<script type=\"application\/ld+json\" class=\"yoast-schema-graph\">{\"@context\":\"https:\/\/schema.org\",\"@graph\":[{\"@type\":\"WebPage\",\"@id\":\"https:\/\/challengehandicaptechnologie.fr\/index.php\/editions-precedentes\/\",\"url\":\"https:\/\/challengehandicaptechnologie.fr\/index.php\/editions-precedentes\/\",\"name\":\"\u00c9ditions pr\u00e9c\u00e9dentes - Challenge Handicap &amp; Technologie\",\"isPartOf\":{\"@id\":\"https:\/\/challengehandicaptechnologie.fr\/#website\"},\"primaryImageOfPage\":{\"@id\":\"https:\/\/challengehandicaptechnologie.fr\/index.php\/editions-precedentes\/#primaryimage\"},\"image\":{\"@id\":\"https:\/\/challengehandicaptechnologie.fr\/index.php\/editions-precedentes\/#primaryimage\"},\"thumbnailUrl\":\"http:\/\/challengehandicaptechnologie.fr\/wp-content\/uploads\/2023\/11\/affiche-challenge.png\",\"datePublished\":\"2023-11-06T09:01:13+00:00\",\"dateModified\":\"2024-01-03T15:09:07+00:00\",\"breadcrumb\":{\"@id\":\"https:\/\/challengehandicaptechnologie.fr\/index.php\/editions-precedentes\/#breadcrumb\"},\"inLanguage\":\"fr-FR\",\"potentialAction\":[{\"@type\":\"ReadAction\",\"target\":[\"https:\/\/challengehandicaptechnologie.fr\/index.php\/editions-precedentes\/\"]}]},{\"@type\":\"ImageObject\",\"inLanguage\":\"fr-FR\",\"@id\":\"https:\/\/challengehandicaptechnologie.fr\/index.php\/editions-precedentes\/#primaryimage\",\"url\":\"https:\/\/challengehandicaptechnologie.fr\/wp-content\/uploads\/2023\/11\/affiche-challenge.png\",\"contentUrl\":\"https:\/\/challengehandicaptechnologie.fr\/wp-content\/uploads\/2023\/11\/affiche-challenge.png\",\"width\":559,\"height\":791},{\"@type\":\"BreadcrumbList\",\"@id\":\"https:\/\/challengehandicaptechnologie.fr\/index.php\/editions-precedentes\/#breadcrumb\",\"itemListElement\":[{\"@type\":\"ListItem\",\"position\":1,\"name\":\"Accueil\",\"item\":\"https:\/\/challengehandicaptechnologie.fr\/\"},{\"@type\":\"ListItem\",\"position\":2,\"name\":\"\u00c9ditions pr\u00e9c\u00e9dentes\"}]},{\"@type\":\"WebSite\",\"@id\":\"https:\/\/challengehandicaptechnologie.fr\/#website\",\"url\":\"https:\/\/challengehandicaptechnologie.fr\/\",\"name\":\"Challenge Handicap &amp; Technologie\",\"description\":\"Organisation du 14\u00e8me Challenge Handicap &amp; Technologie - ENIM - Metz - 23 et 24 Mai 2024\",\"publisher\":{\"@id\":\"https:\/\/challengehandicaptechnologie.fr\/#organization\"},\"potentialAction\":[{\"@type\":\"SearchAction\",\"target\":{\"@type\":\"EntryPoint\",\"urlTemplate\":\"https:\/\/challengehandicaptechnologie.fr\/?s={search_term_string}\"},\"query-input\":{\"@type\":\"PropertyValueSpecification\",\"valueRequired\":true,\"valueName\":\"search_term_string\"}}],\"inLanguage\":\"fr-FR\"},{\"@type\":\"Organization\",\"@id\":\"https:\/\/challengehandicaptechnologie.fr\/#organization\",\"name\":\"Challenge Handicap &amp; Technologie\",\"url\":\"https:\/\/challengehandicaptechnologie.fr\/\",\"logo\":{\"@type\":\"ImageObject\",\"inLanguage\":\"fr-FR\",\"@id\":\"https:\/\/challengehandicaptechnologie.fr\/#\/schema\/logo\/image\/\",\"url\":\"https:\/\/challengehandicaptechnologie.fr\/wp-content\/uploads\/2023\/02\/cropped-cropped-logo-challenge-ht.png\",\"contentUrl\":\"https:\/\/challengehandicaptechnologie.fr\/wp-content\/uploads\/2023\/02\/cropped-cropped-logo-challenge-ht.png\",\"width\":431,\"height\":122,\"caption\":\"Challenge Handicap &amp; Technologie\"},\"image\":{\"@id\":\"https:\/\/challengehandicaptechnologie.fr\/#\/schema\/logo\/image\/\"}}]}<\/script>\n<!-- \/ Yoast SEO plugin. -->","yoast_head_json":{"title":"\u00c9ditions pr\u00e9c\u00e9dentes - Challenge Handicap &amp; Technologie","robots":{"index":"index","follow":"follow","max-snippet":"max-snippet:-1","max-image-preview":"max-image-preview:large","max-video-preview":"max-video-preview:-1"},"canonical":"https:\/\/challengehandicaptechnologie.fr\/index.php\/editions-precedentes\/","og_locale":"fr_FR","og_type":"article","og_title":"\u00c9ditions pr\u00e9c\u00e9dentes - Challenge Handicap &amp; Technologie","og_description":"\u00c9DITIONS PR\u00c9C\u00c9DENTES","og_url":"https:\/\/challengehandicaptechnologie.fr\/index.php\/editions-precedentes\/","og_site_name":"Challenge Handicap &amp; Technologie","article_modified_time":"2024-01-03T15:09:07+00:00","og_image":[{"url":"http:\/\/challengehandicaptechnologie.fr\/wp-content\/uploads\/2023\/11\/affiche-challenge.png","type":"","width":"","height":""}],"twitter_card":"summary_large_image","schema":{"@context":"https:\/\/schema.org","@graph":[{"@type":"WebPage","@id":"https:\/\/challengehandicaptechnologie.fr\/index.php\/editions-precedentes\/","url":"https:\/\/challengehandicaptechnologie.fr\/index.php\/editions-precedentes\/","name":"\u00c9ditions pr\u00e9c\u00e9dentes - Challenge Handicap &amp; Technologie","isPartOf":{"@id":"https:\/\/challengehandicaptechnologie.fr\/#website"},"primaryImageOfPage":{"@id":"https:\/\/challengehandicaptechnologie.fr\/index.php\/editions-precedentes\/#primaryimage"},"image":{"@id":"https:\/\/challengehandicaptechnologie.fr\/index.php\/editions-precedentes\/#primaryimage"},"thumbnailUrl":"http:\/\/challengehandicaptechnologie.fr\/wp-content\/uploads\/2023\/11\/affiche-challenge.png","datePublished":"2023-11-06T09:01:13+00:00","dateModified":"2024-01-03T15:09:07+00:00","breadcrumb":{"@id":"https:\/\/challengehandicaptechnologie.fr\/index.php\/editions-precedentes\/#breadcrumb"},"inLanguage":"fr-FR","potentialAction":[{"@type":"ReadAction","target":["https:\/\/challengehandicaptechnologie.fr\/index.php\/editions-precedentes\/"]}]},{"@type":"ImageObject","inLanguage":"fr-FR","@id":"https:\/\/challengehandicaptechnologie.fr\/index.php\/editions-precedentes\/#primaryimage","url":"https:\/\/challengehandicaptechnologie.fr\/wp-content\/uploads\/2023\/11\/affiche-challenge.png","contentUrl":"https:\/\/challengehandicaptechnologie.fr\/wp-content\/uploads\/2023\/11\/affiche-challenge.png","width":559,"height":791},{"@type":"BreadcrumbList","@id":"https:\/\/challengehandicaptechnologie.fr\/index.php\/editions-precedentes\/#breadcrumb","itemListElement":[{"@type":"ListItem","position":1,"name":"Accueil","item":"https:\/\/challengehandicaptechnologie.fr\/"},{"@type":"ListItem","position":2,"name":"\u00c9ditions pr\u00e9c\u00e9dentes"}]},{"@type":"WebSite","@id":"https:\/\/challengehandicaptechnologie.fr\/#website","url":"https:\/\/challengehandicaptechnologie.fr\/","name":"Challenge Handicap &amp; Technologie","description":"Organisation du 14\u00e8me Challenge Handicap &amp; Technologie - ENIM - Metz - 23 et 24 Mai 2024","publisher":{"@id":"https:\/\/challengehandicaptechnologie.fr\/#organization"},"potentialAction":[{"@type":"SearchAction","target":{"@type":"EntryPoint","urlTemplate":"https:\/\/challengehandicaptechnologie.fr\/?s={search_term_string}"},"query-input":{"@type":"PropertyValueSpecification","valueRequired":true,"valueName":"search_term_string"}}],"inLanguage":"fr-FR"},{"@type":"Organization","@id":"https:\/\/challengehandicaptechnologie.fr\/#organization","name":"Challenge Handicap &amp; Technologie","url":"https:\/\/challengehandicaptechnologie.fr\/","logo":{"@type":"ImageObject","inLanguage":"fr-FR","@id":"https:\/\/challengehandicaptechnologie.fr\/#\/schema\/logo\/image\/","url":"https:\/\/challengehandicaptechnologie.fr\/wp-content\/uploads\/2023\/02\/cropped-cropped-logo-challenge-ht.png","contentUrl":"https:\/\/challengehandicaptechnologie.fr\/wp-content\/uploads\/2023\/02\/cropped-cropped-logo-challenge-ht.png","width":431,"height":122,"caption":"Challenge Handicap &amp; Technologie"},"image":{"@id":"https:\/\/challengehandicaptechnologie.fr\/#\/schema\/logo\/image\/"}}]}},"_links":{"self":[{"href":"https:\/\/challengehandicaptechnologie.fr\/index.php\/wp-json\/wp\/v2\/pages\/630","targetHints":{"allow":["GET"]}}],"collection":[{"href":"https:\/\/challengehandicaptechnologie.fr\/index.php\/wp-json\/wp\/v2\/pages"}],"about":[{"href":"https:\/\/challengehandicaptechnologie.fr\/index.php\/wp-json\/wp\/v2\/types\/page"}],"author":[{"embeddable":true,"href":"https:\/\/challengehandicaptechnologie.fr\/index.php\/wp-json\/wp\/v2\/users\/1"}],"replies":[{"embeddable":true,"href":"https:\/\/challengehandicaptechnologie.fr\/index.php\/wp-json\/wp\/v2\/comments?post=630"}],"version-history":[{"count":13,"href":"https:\/\/challengehandicaptechnologie.fr\/index.php\/wp-json\/wp\/v2\/pages\/630\/revisions"}],"predecessor-version":[{"id":854,"href":"https:\/\/challengehandicaptechnologie.fr\/index.php\/wp-json\/wp\/v2\/pages\/630\/revisions\/854"}],"wp:attachment":[{"href":"https:\/\/challengehandicaptechnologie.fr\/index.php\/wp-json\/wp\/v2\/media?parent=630"}],"curies":[{"name":"wp","href":"https:\/\/api.w.org\/{rel}","templated":true}]}}