{"id":85,"date":"2022-11-23T09:31:05","date_gmt":"2022-11-23T08:31:05","guid":{"rendered":"https:\/\/challengehandicaptechnologie.wordpress.com\/?page_id=85"},"modified":"2024-01-03T17:44:51","modified_gmt":"2024-01-03T16:44:51","slug":"inscription","status":"publish","type":"page","link":"https:\/\/challengehandicaptechnologie.fr\/index.php\/inscription\/","title":{"rendered":"Inscription"},"content":{"rendered":"\t\t<div data-elementor-type=\"wp-page\" data-elementor-id=\"85\" class=\"elementor elementor-85\" data-elementor-post-type=\"page\">\n\t\t\t\t\t\t<section class=\"elementor-section elementor-top-section elementor-element elementor-element-acd7dcf elementor-section-stretched elementor-section-full_width elementor-section-height-min-height elementor-section-items-stretch hero_section elementor-section-height-default\" data-id=\"acd7dcf\" data-element_type=\"section\" data-settings=\"{&quot;stretch_section&quot;:&quot;section-stretched&quot;,&quot;background_background&quot;:&quot;classic&quot;}\">\n\t\t\t\t\t\t<div class=\"elementor-container elementor-column-gap-no\">\n\t\t\t\t\t<div class=\"elementor-column elementor-col-50 elementor-top-column elementor-element elementor-element-6bb6449 elementor-invisible\" data-id=\"6bb6449\" data-element_type=\"column\" data-settings=\"{&quot;background_background&quot;:&quot;classic&quot;,&quot;animation&quot;:&quot;fadeInLeft&quot;}\">\n\t\t\t<div class=\"elementor-widget-wrap elementor-element-populated\">\n\t\t\t\t\t\t<div class=\"elementor-element elementor-element-1bc5591 elementor-widget elementor-widget-heading\" data-id=\"1bc5591\" data-element_type=\"widget\" data-widget_type=\"heading.default\">\n\t\t\t\t<div class=\"elementor-widget-container\">\n\t\t\t\t\t<h2 class=\"elementor-heading-title elementor-size-default\">INSCRIPTIONS<\/h2>\t\t\t\t<\/div>\n\t\t\t\t<\/div>\n\t\t\t\t\t<\/div>\n\t\t<\/div>\n\t\t\t\t<div class=\"elementor-column elementor-col-50 elementor-top-column elementor-element elementor-element-fffcf78 elementor-hidden-phone\" data-id=\"fffcf78\" data-element_type=\"column\">\n\t\t\t<div class=\"elementor-widget-wrap\">\n\t\t\t\t\t\t\t<\/div>\n\t\t<\/div>\n\t\t\t\t\t<\/div>\n\t\t<\/section>\n\t\t<div class=\"elementor-element elementor-element-84927d5 e-flex e-con-boxed e-con e-parent\" data-id=\"84927d5\" data-element_type=\"container\">\n\t\t\t\t\t<div class=\"e-con-inner\">\n\t\t\t\t<div class=\"elementor-element elementor-element-c482be5 elementor-widget elementor-widget-text-editor\" data-id=\"c482be5\" data-element_type=\"widget\" data-widget_type=\"text-editor.default\">\n\t\t\t\t<div class=\"elementor-widget-container\">\n\t\t\t\t\t\t\t\t\t<p>Vous \u00eates une \u00e9quipe et vous souhaitez concourir au Challenge, vous \u00eates une association ou une entreprise et vous souhaitez tenir un stand pendant le Challenge,<\/p>\n<p><!-- \/wp:paragraph --><!-- wp:paragraph --><\/p>\n<p>Merci de bien vouloir vous inscrire au pr\u00e9alable<\/p>\n<p><!-- \/wp:paragraph --><!-- wp:buttons --><\/p>\n<div class=\"wp-block-buttons\"><!-- wp:button --><\/div>\n<p><!-- \/wp:buttons --><!-- wp:buttons --><\/p>\n<div class=\"wp-block-buttons\"><!-- wp:button \/--><\/div>\n<p><!-- \/wp:buttons --><!-- wp:paragraph --><\/p>\t\t\t\t\t\t\t\t<\/div>\n\t\t\t\t<\/div>\n\t\t\t\t\t<\/div>\n\t\t\t\t<\/div>\n\t\t<div class=\"elementor-element elementor-element-cd3b3e8 e-flex e-con-boxed e-con e-parent\" data-id=\"cd3b3e8\" data-element_type=\"container\">\n\t\t\t\t\t<div class=\"e-con-inner\">\n\t\t<div class=\"elementor-element elementor-element-235a0a3 e-con-full e-flex e-con e-child\" data-id=\"235a0a3\" data-element_type=\"container\">\n\t\t\t\t<div class=\"elementor-element elementor-element-47e34ed elementor-widget elementor-widget-image\" data-id=\"47e34ed\" data-element_type=\"widget\" data-widget_type=\"image.default\">\n\t\t\t\t<div class=\"elementor-widget-container\">\n\t\t\t\t\t\t\t\t\t\t\t\t\t\t\t\t<a href=\"https:\/\/challengehandicaptechnologie.fr\/index.php\/equipe\/\" target=\"_blank\">\n\t\t\t\t\t\t\t<img fetchpriority=\"high\" decoding=\"async\" width=\"300\" height=\"200\" src=\"https:\/\/challengehandicaptechnologie.fr\/wp-content\/uploads\/2024\/01\/Vous-etes-une-equipe.png\" class=\"attachment-large size-large wp-image-866\" alt=\"\" \/>\t\t\t\t\t\t\t\t<\/a>\n\t\t\t\t\t\t\t\t\t\t\t\t\t\t\t<\/div>\n\t\t\t\t<\/div>\n\t\t\t\t<\/div>\n\t\t<div class=\"elementor-element elementor-element-971d4c8 e-con-full e-flex e-con e-child\" data-id=\"971d4c8\" data-element_type=\"container\">\n\t\t\t\t<div class=\"elementor-element elementor-element-bc6f836 elementor-widget elementor-widget-image\" data-id=\"bc6f836\" data-element_type=\"widget\" data-widget_type=\"image.default\">\n\t\t\t\t<div class=\"elementor-widget-container\">\n\t\t\t\t\t\t\t\t\t\t\t\t\t\t\t\t<a href=\"https:\/\/challengehandicaptechnologie.fr\/index.php\/entreprise\/\" target=\"_blank\">\n\t\t\t\t\t\t\t<img decoding=\"async\" width=\"300\" height=\"200\" src=\"https:\/\/challengehandicaptechnologie.fr\/wp-content\/uploads\/2024\/01\/Vous-etes-une-entreprise2.png\" class=\"attachment-large size-large wp-image-880\" alt=\"\" \/>\t\t\t\t\t\t\t\t<\/a>\n\t\t\t\t\t\t\t\t\t\t\t\t\t\t\t<\/div>\n\t\t\t\t<\/div>\n\t\t\t\t<\/div>\n\t\t<div class=\"elementor-element elementor-element-8ac5192 e-con-full e-flex e-con e-child\" data-id=\"8ac5192\" data-element_type=\"container\">\n\t\t\t\t<div class=\"elementor-element elementor-element-a881027 elementor-widget elementor-widget-image\" data-id=\"a881027\" data-element_type=\"widget\" data-widget_type=\"image.default\">\n\t\t\t\t<div class=\"elementor-widget-container\">\n\t\t\t\t\t\t\t\t\t\t\t\t\t\t\t\t<a href=\"https:\/\/challengehandicaptechnologie.fr\/index.php\/association-entreprise\/\" target=\"_blank\">\n\t\t\t\t\t\t\t<img decoding=\"async\" width=\"300\" height=\"200\" src=\"https:\/\/challengehandicaptechnologie.fr\/wp-content\/uploads\/2024\/01\/Vous-etes-une-association2.png\" class=\"attachment-large size-large wp-image-884\" alt=\"\" \/>\t\t\t\t\t\t\t\t<\/a>\n\t\t\t\t\t\t\t\t\t\t\t\t\t\t\t<\/div>\n\t\t\t\t<\/div>\n\t\t\t\t<\/div>\n\t\t\t\t\t<\/div>\n\t\t\t\t<\/div>\n\t\t\t\t<\/div>\n\t\t","protected":false},"excerpt":{"rendered":"<p>INSCRIPTIONS Vous \u00eates une \u00e9quipe et vous souhaitez concourir au Challenge, vous \u00eates une association ou une entreprise et vous souhaitez tenir un stand pendant le Challenge, Merci de bien vouloir vous inscrire au pr\u00e9alable<\/p>\n","protected":false},"author":1,"featured_media":0,"parent":0,"menu_order":0,"comment_status":"closed","ping_status":"closed","template":"","meta":{"_eb_attr":"","ocean_post_layout":"","ocean_both_sidebars_style":"","ocean_both_sidebars_content_width":0,"ocean_both_sidebars_sidebars_width":0,"ocean_sidebar":"","ocean_second_sidebar":"","ocean_disable_margins":"enable","ocean_add_body_class":"","ocean_shortcode_before_top_bar":"","ocean_shortcode_after_top_bar":"","ocean_shortcode_before_header":"","ocean_shortcode_after_header":"","ocean_has_shortcode":"","ocean_shortcode_after_title":"","ocean_shortcode_before_footer_widgets":"","ocean_shortcode_after_footer_widgets":"","ocean_shortcode_before_footer_bottom":"","ocean_shortcode_after_footer_bottom":"","ocean_display_top_bar":"default","ocean_display_header":"default","ocean_header_style":"","ocean_center_header_left_menu":"","ocean_custom_header_template":"","ocean_custom_logo":0,"ocean_custom_retina_logo":0,"ocean_custom_logo_max_width":0,"ocean_custom_logo_tablet_max_width":0,"ocean_custom_logo_mobile_max_width":0,"ocean_custom_logo_max_height":0,"ocean_custom_logo_tablet_max_height":0,"ocean_custom_logo_mobile_max_height":0,"ocean_header_custom_menu":"","ocean_menu_typo_font_family":"","ocean_menu_typo_font_subset":"","ocean_menu_typo_font_size":0,"ocean_menu_typo_font_size_tablet":0,"ocean_menu_typo_font_size_mobile":0,"ocean_menu_typo_font_size_unit":"px","ocean_menu_typo_font_weight":"","ocean_menu_typo_font_weight_tablet":"","ocean_menu_typo_font_weight_mobile":"","ocean_menu_typo_transform":"","ocean_menu_typo_transform_tablet":"","ocean_menu_typo_transform_mobile":"","ocean_menu_typo_line_height":0,"ocean_menu_typo_line_height_tablet":0,"ocean_menu_typo_line_height_mobile":0,"ocean_menu_typo_line_height_unit":"","ocean_menu_typo_spacing":0,"ocean_menu_typo_spacing_tablet":0,"ocean_menu_typo_spacing_mobile":0,"ocean_menu_typo_spacing_unit":"","ocean_menu_link_color":"","ocean_menu_link_color_hover":"","ocean_menu_link_color_active":"","ocean_menu_link_background":"","ocean_menu_link_hover_background":"","ocean_menu_link_active_background":"","ocean_menu_social_links_bg":"","ocean_menu_social_hover_links_bg":"","ocean_menu_social_links_color":"","ocean_menu_social_hover_links_color":"","ocean_disable_title":"default","ocean_disable_heading":"default","ocean_post_title":"","ocean_post_subheading":"","ocean_post_title_style":"","ocean_post_title_background_color":"","ocean_post_title_background":0,"ocean_post_title_bg_image_position":"","ocean_post_title_bg_image_attachment":"","ocean_post_title_bg_image_repeat":"","ocean_post_title_bg_image_size":"","ocean_post_title_height":0,"ocean_post_title_bg_overlay":0.5,"ocean_post_title_bg_overlay_color":"","ocean_disable_breadcrumbs":"default","ocean_breadcrumbs_color":"","ocean_breadcrumbs_separator_color":"","ocean_breadcrumbs_links_color":"","ocean_breadcrumbs_links_hover_color":"","ocean_display_footer_widgets":"default","ocean_display_footer_bottom":"default","ocean_custom_footer_template":"","footnotes":""},"class_list":["post-85","page","type-page","status-publish","hentry","entry"],"yoast_head":"<!-- This site is optimized with the Yoast SEO plugin v24.6 - https:\/\/yoast.com\/wordpress\/plugins\/seo\/ -->\n<title>Inscription - Challenge Handicap &amp; Technologie<\/title>\n<meta name=\"robots\" content=\"index, follow, max-snippet:-1, max-image-preview:large, max-video-preview:-1\" \/>\n<link rel=\"canonical\" href=\"https:\/\/challengehandicaptechnologie.fr\/index.php\/inscription\/\" \/>\n<meta property=\"og:locale\" content=\"fr_FR\" \/>\n<meta property=\"og:type\" content=\"article\" \/>\n<meta property=\"og:title\" content=\"Inscription - Challenge Handicap &amp; Technologie\" \/>\n<meta property=\"og:description\" content=\"INSCRIPTIONS Vous \u00eates une \u00e9quipe et vous souhaitez concourir au Challenge, vous \u00eates une association ou une entreprise et vous souhaitez tenir un stand pendant le Challenge, Merci de bien vouloir vous inscrire au pr\u00e9alable\" \/>\n<meta property=\"og:url\" content=\"https:\/\/challengehandicaptechnologie.fr\/index.php\/inscription\/\" \/>\n<meta property=\"og:site_name\" content=\"Challenge Handicap &amp; Technologie\" \/>\n<meta property=\"article:modified_time\" content=\"2024-01-03T16:44:51+00:00\" \/>\n<meta property=\"og:image\" content=\"http:\/\/challengehandicaptechnologie.fr\/wp-content\/uploads\/2024\/01\/Vous-etes-une-equipe.png\" \/>\n<meta name=\"twitter:card\" content=\"summary_large_image\" \/>\n<script type=\"application\/ld+json\" class=\"yoast-schema-graph\">{\"@context\":\"https:\/\/schema.org\",\"@graph\":[{\"@type\":\"WebPage\",\"@id\":\"https:\/\/challengehandicaptechnologie.fr\/index.php\/inscription\/\",\"url\":\"https:\/\/challengehandicaptechnologie.fr\/index.php\/inscription\/\",\"name\":\"Inscription - Challenge Handicap &amp; Technologie\",\"isPartOf\":{\"@id\":\"https:\/\/challengehandicaptechnologie.fr\/#website\"},\"primaryImageOfPage\":{\"@id\":\"https:\/\/challengehandicaptechnologie.fr\/index.php\/inscription\/#primaryimage\"},\"image\":{\"@id\":\"https:\/\/challengehandicaptechnologie.fr\/index.php\/inscription\/#primaryimage\"},\"thumbnailUrl\":\"http:\/\/challengehandicaptechnologie.fr\/wp-content\/uploads\/2024\/01\/Vous-etes-une-equipe.png\",\"datePublished\":\"2022-11-23T08:31:05+00:00\",\"dateModified\":\"2024-01-03T16:44:51+00:00\",\"breadcrumb\":{\"@id\":\"https:\/\/challengehandicaptechnologie.fr\/index.php\/inscription\/#breadcrumb\"},\"inLanguage\":\"fr-FR\",\"potentialAction\":[{\"@type\":\"ReadAction\",\"target\":[\"https:\/\/challengehandicaptechnologie.fr\/index.php\/inscription\/\"]}]},{\"@type\":\"ImageObject\",\"inLanguage\":\"fr-FR\",\"@id\":\"https:\/\/challengehandicaptechnologie.fr\/index.php\/inscription\/#primaryimage\",\"url\":\"https:\/\/challengehandicaptechnologie.fr\/wp-content\/uploads\/2024\/01\/Vous-etes-une-equipe.png\",\"contentUrl\":\"https:\/\/challengehandicaptechnologie.fr\/wp-content\/uploads\/2024\/01\/Vous-etes-une-equipe.png\",\"width\":300,\"height\":200},{\"@type\":\"BreadcrumbList\",\"@id\":\"https:\/\/challengehandicaptechnologie.fr\/index.php\/inscription\/#breadcrumb\",\"itemListElement\":[{\"@type\":\"ListItem\",\"position\":1,\"name\":\"Accueil\",\"item\":\"https:\/\/challengehandicaptechnologie.fr\/\"},{\"@type\":\"ListItem\",\"position\":2,\"name\":\"Inscription\"}]},{\"@type\":\"WebSite\",\"@id\":\"https:\/\/challengehandicaptechnologie.fr\/#website\",\"url\":\"https:\/\/challengehandicaptechnologie.fr\/\",\"name\":\"Challenge Handicap &amp; Technologie\",\"description\":\"Organisation du 14\u00e8me Challenge Handicap &amp; Technologie - ENIM - Metz - 23 et 24 Mai 2024\",\"publisher\":{\"@id\":\"https:\/\/challengehandicaptechnologie.fr\/#organization\"},\"potentialAction\":[{\"@type\":\"SearchAction\",\"target\":{\"@type\":\"EntryPoint\",\"urlTemplate\":\"https:\/\/challengehandicaptechnologie.fr\/?s={search_term_string}\"},\"query-input\":{\"@type\":\"PropertyValueSpecification\",\"valueRequired\":true,\"valueName\":\"search_term_string\"}}],\"inLanguage\":\"fr-FR\"},{\"@type\":\"Organization\",\"@id\":\"https:\/\/challengehandicaptechnologie.fr\/#organization\",\"name\":\"Challenge Handicap &amp; Technologie\",\"url\":\"https:\/\/challengehandicaptechnologie.fr\/\",\"logo\":{\"@type\":\"ImageObject\",\"inLanguage\":\"fr-FR\",\"@id\":\"https:\/\/challengehandicaptechnologie.fr\/#\/schema\/logo\/image\/\",\"url\":\"https:\/\/challengehandicaptechnologie.fr\/wp-content\/uploads\/2023\/02\/cropped-cropped-logo-challenge-ht.png\",\"contentUrl\":\"https:\/\/challengehandicaptechnologie.fr\/wp-content\/uploads\/2023\/02\/cropped-cropped-logo-challenge-ht.png\",\"width\":431,\"height\":122,\"caption\":\"Challenge Handicap &amp; Technologie\"},\"image\":{\"@id\":\"https:\/\/challengehandicaptechnologie.fr\/#\/schema\/logo\/image\/\"}}]}<\/script>\n<!-- \/ Yoast SEO plugin. -->","yoast_head_json":{"title":"Inscription - Challenge Handicap &amp; Technologie","robots":{"index":"index","follow":"follow","max-snippet":"max-snippet:-1","max-image-preview":"max-image-preview:large","max-video-preview":"max-video-preview:-1"},"canonical":"https:\/\/challengehandicaptechnologie.fr\/index.php\/inscription\/","og_locale":"fr_FR","og_type":"article","og_title":"Inscription - Challenge Handicap &amp; Technologie","og_description":"INSCRIPTIONS Vous \u00eates une \u00e9quipe et vous souhaitez concourir au Challenge, vous \u00eates une association ou une entreprise et vous souhaitez tenir un stand pendant le Challenge, Merci de bien vouloir vous inscrire au pr\u00e9alable","og_url":"https:\/\/challengehandicaptechnologie.fr\/index.php\/inscription\/","og_site_name":"Challenge Handicap &amp; Technologie","article_modified_time":"2024-01-03T16:44:51+00:00","og_image":[{"url":"http:\/\/challengehandicaptechnologie.fr\/wp-content\/uploads\/2024\/01\/Vous-etes-une-equipe.png","type":"","width":"","height":""}],"twitter_card":"summary_large_image","schema":{"@context":"https:\/\/schema.org","@graph":[{"@type":"WebPage","@id":"https:\/\/challengehandicaptechnologie.fr\/index.php\/inscription\/","url":"https:\/\/challengehandicaptechnologie.fr\/index.php\/inscription\/","name":"Inscription - Challenge Handicap &amp; Technologie","isPartOf":{"@id":"https:\/\/challengehandicaptechnologie.fr\/#website"},"primaryImageOfPage":{"@id":"https:\/\/challengehandicaptechnologie.fr\/index.php\/inscription\/#primaryimage"},"image":{"@id":"https:\/\/challengehandicaptechnologie.fr\/index.php\/inscription\/#primaryimage"},"thumbnailUrl":"http:\/\/challengehandicaptechnologie.fr\/wp-content\/uploads\/2024\/01\/Vous-etes-une-equipe.png","datePublished":"2022-11-23T08:31:05+00:00","dateModified":"2024-01-03T16:44:51+00:00","breadcrumb":{"@id":"https:\/\/challengehandicaptechnologie.fr\/index.php\/inscription\/#breadcrumb"},"inLanguage":"fr-FR","potentialAction":[{"@type":"ReadAction","target":["https:\/\/challengehandicaptechnologie.fr\/index.php\/inscription\/"]}]},{"@type":"ImageObject","inLanguage":"fr-FR","@id":"https:\/\/challengehandicaptechnologie.fr\/index.php\/inscription\/#primaryimage","url":"https:\/\/challengehandicaptechnologie.fr\/wp-content\/uploads\/2024\/01\/Vous-etes-une-equipe.png","contentUrl":"https:\/\/challengehandicaptechnologie.fr\/wp-content\/uploads\/2024\/01\/Vous-etes-une-equipe.png","width":300,"height":200},{"@type":"BreadcrumbList","@id":"https:\/\/challengehandicaptechnologie.fr\/index.php\/inscription\/#breadcrumb","itemListElement":[{"@type":"ListItem","position":1,"name":"Accueil","item":"https:\/\/challengehandicaptechnologie.fr\/"},{"@type":"ListItem","position":2,"name":"Inscription"}]},{"@type":"WebSite","@id":"https:\/\/challengehandicaptechnologie.fr\/#website","url":"https:\/\/challengehandicaptechnologie.fr\/","name":"Challenge Handicap &amp; Technologie","description":"Organisation du 14\u00e8me Challenge Handicap &amp; Technologie - ENIM - Metz - 23 et 24 Mai 2024","publisher":{"@id":"https:\/\/challengehandicaptechnologie.fr\/#organization"},"potentialAction":[{"@type":"SearchAction","target":{"@type":"EntryPoint","urlTemplate":"https:\/\/challengehandicaptechnologie.fr\/?s={search_term_string}"},"query-input":{"@type":"PropertyValueSpecification","valueRequired":true,"valueName":"search_term_string"}}],"inLanguage":"fr-FR"},{"@type":"Organization","@id":"https:\/\/challengehandicaptechnologie.fr\/#organization","name":"Challenge Handicap &amp; Technologie","url":"https:\/\/challengehandicaptechnologie.fr\/","logo":{"@type":"ImageObject","inLanguage":"fr-FR","@id":"https:\/\/challengehandicaptechnologie.fr\/#\/schema\/logo\/image\/","url":"https:\/\/challengehandicaptechnologie.fr\/wp-content\/uploads\/2023\/02\/cropped-cropped-logo-challenge-ht.png","contentUrl":"https:\/\/challengehandicaptechnologie.fr\/wp-content\/uploads\/2023\/02\/cropped-cropped-logo-challenge-ht.png","width":431,"height":122,"caption":"Challenge Handicap &amp; Technologie"},"image":{"@id":"https:\/\/challengehandicaptechnologie.fr\/#\/schema\/logo\/image\/"}}]}},"_links":{"self":[{"href":"https:\/\/challengehandicaptechnologie.fr\/index.php\/wp-json\/wp\/v2\/pages\/85","targetHints":{"allow":["GET"]}}],"collection":[{"href":"https:\/\/challengehandicaptechnologie.fr\/index.php\/wp-json\/wp\/v2\/pages"}],"about":[{"href":"https:\/\/challengehandicaptechnologie.fr\/index.php\/wp-json\/wp\/v2\/types\/page"}],"author":[{"embeddable":true,"href":"https:\/\/challengehandicaptechnologie.fr\/index.php\/wp-json\/wp\/v2\/users\/1"}],"replies":[{"embeddable":true,"href":"https:\/\/challengehandicaptechnologie.fr\/index.php\/wp-json\/wp\/v2\/comments?post=85"}],"version-history":[{"count":19,"href":"https:\/\/challengehandicaptechnologie.fr\/index.php\/wp-json\/wp\/v2\/pages\/85\/revisions"}],"predecessor-version":[{"id":1079,"href":"https:\/\/challengehandicaptechnologie.fr\/index.php\/wp-json\/wp\/v2\/pages\/85\/revisions\/1079"}],"wp:attachment":[{"href":"https:\/\/challengehandicaptechnologie.fr\/index.php\/wp-json\/wp\/v2\/media?parent=85"}],"curies":[{"name":"wp","href":"https:\/\/api.w.org\/{rel}","templated":true}]}}